{"id":70,"date":"2023-12-14T23:19:07","date_gmt":"2023-12-14T23:19:07","guid":{"rendered":"https:\/\/psiholog-marijanagrgic.com\/?page_id=70"},"modified":"2024-08-01T12:06:27","modified_gmt":"2024-08-01T12:06:27","slug":"o-meni","status":"publish","type":"page","link":"https:\/\/psiholog-marijanagrgic.com\/en\/o-meni\/","title":{"rendered":"About Me"},"content":{"rendered":"<p><div class=\"fusion-fullwidth fullwidth-box fusion-builder-row-1 fusion-flex-container nonhundred-percent-fullwidth non-hundred-percent-height-scrolling\" style=\"background-color: rgba(255,255,255,0);background-position: center center;background-repeat: no-repeat;border-width: 0px 0px 0px 0px;border-color:#e2e2e2;border-style:solid;\" ><div class=\"fusion-builder-row fusion-row fusion-flex-align-items-flex-start\" style=\"max-width:1248px;margin-left: calc(-4% \/ 2 );margin-right: calc(-4% \/ 2 );\"><div class=\"fusion-layout-column fusion_builder_column fusion-builder-column-0 fusion_builder_column_3_5 3_5 fusion-flex-column\"><div class=\"fusion-column-wrapper fusion-flex-justify-content-flex-start fusion-content-layout-column\" style=\"background-position:left top;background-repeat:no-repeat;-webkit-background-size:cover;-moz-background-size:cover;-o-background-size:cover;background-size:cover;padding: 0px 0px 0px 0px;\"><div class=\"fusion-text fusion-text-1\"><div>\n<div>\n<div>\n<h2>Marijana Grgi\u0107 \u2013 Path to a Psychologist and Life Transformation<\/h2>\n<p>I was born on January 1, 1986, in Prozor, Bosnia and Herzegovina. I grew up in a supportive family with my father, mother, two brothers, and one sister. Throughout my life, I have been guided by curiosity about the inner world of people, processes within individuals, and what makes a person happy or sad. I completed my Master\u2019s degree in psychology in Mostar and became the mother of three daughters and a happy wife.<\/p>\n<\/div>\n<\/div>\n<\/div>\n<\/div><\/div><style type=\"text\/css\">.fusion-body .fusion-builder-column-0{width:60% !important;margin-top : 0px;margin-bottom : 20px;}.fusion-builder-column-0 > .fusion-column-wrapper {padding-top : 0px !important;padding-right : 0px !important;margin-right : 3.2%;padding-bottom : 0px !important;padding-left : 0px !important;margin-left : 3.2%;}@media only screen and (max-width:1024px) {.fusion-body .fusion-builder-column-0{width:60% !important;order : 0;}.fusion-builder-column-0 > .fusion-column-wrapper {margin-right : 3.2%;margin-left : 3.2%;}}@media only screen and (max-width:640px) {.fusion-body .fusion-builder-column-0{width:100% !important;order : 0;}.fusion-builder-column-0 > .fusion-column-wrapper {margin-right : 1.92%;margin-left : 1.92%;}}<\/style><\/div><div class=\"fusion-layout-column fusion_builder_column fusion-builder-column-1 fusion_builder_column_2_5 2_5 fusion-flex-column\"><div class=\"fusion-column-wrapper fusion-flex-justify-content-flex-start fusion-content-layout-column\" style=\"background-position:left top;background-repeat:no-repeat;-webkit-background-size:cover;-moz-background-size:cover;-o-background-size:cover;background-size:cover;padding: 0px 0px 0px 0px;\"><div style=\"text-align:center;\"><style>.element-bottomshadow.imageframe-1:before, .element-bottomshadow.imageframe-1:after{-webkit-box-shadow: 0 17px 10px rgba(0,0,0,0.4);box-shadow: 0 17px 10px rgba(0,0,0,0.4);}<\/style><div class=\"awb-image-frame awb-image-frame-1 imageframe-liftup fusion-image-frame-bottomshadow image-frame-shadow-1\"><span class=\"fusion-imageframe imageframe-bottomshadow imageframe-1 element-bottomshadow\"><img decoding=\"async\" width=\"1200\" height=\"760\" alt=\"Psiholog Marijana Grgi\u0107\" title=\"Psiholog Marijana Grgi\u0107\" src=\"https:\/\/psiholog-marijanagrgic.com\/wp-content\/uploads\/2024\/02\/psiholog-marijana-grgic.jpg\" class=\"img-responsive wp-image-972\" srcset=\"https:\/\/psiholog-marijanagrgic.com\/wp-content\/uploads\/2024\/02\/psiholog-marijana-grgic-200x127.jpg 200w, https:\/\/psiholog-marijanagrgic.com\/wp-content\/uploads\/2024\/02\/psiholog-marijana-grgic-400x253.jpg 400w, https:\/\/psiholog-marijanagrgic.com\/wp-content\/uploads\/2024\/02\/psiholog-marijana-grgic-600x380.jpg 600w, https:\/\/psiholog-marijanagrgic.com\/wp-content\/uploads\/2024\/02\/psiholog-marijana-grgic-800x507.jpg 800w, https:\/\/psiholog-marijanagrgic.com\/wp-content\/uploads\/2024\/02\/psiholog-marijana-grgic.jpg 1200w\" sizes=\"(max-width: 640px) 100vw, 600px\" \/><\/span><\/div><\/div><\/div><style type=\"text\/css\">.fusion-body .fusion-builder-column-1{width:40% !important;margin-top : 0px;margin-bottom : 20px;}.fusion-builder-column-1 > .fusion-column-wrapper {padding-top : 0px !important;padding-right : 0px !important;margin-right : 4.8%;padding-bottom : 0px !important;padding-left : 0px !important;margin-left : 4.8%;}@media only screen and (max-width:1024px) {.fusion-body .fusion-builder-column-1{width:40% !important;order : 0;}.fusion-builder-column-1 > .fusion-column-wrapper {margin-right : 4.8%;margin-left : 4.8%;}}@media only screen and (max-width:640px) {.fusion-body .fusion-builder-column-1{width:100% !important;order : 0;}.fusion-builder-column-1 > .fusion-column-wrapper {margin-right : 1.92%;margin-left : 1.92%;}}<\/style><\/div><div class=\"fusion-layout-column fusion_builder_column fusion-builder-column-2 fusion_builder_column_3_5 3_5 fusion-flex-column\"><div class=\"fusion-column-wrapper fusion-flex-justify-content-flex-start fusion-content-layout-column\" style=\"background-position:left top;background-repeat:no-repeat;-webkit-background-size:cover;-moz-background-size:cover;-o-background-size:cover;background-size:cover;padding: 0px 0px 0px 0px;\"><div class=\"fusion-text fusion-text-2\"><div>\n<div>\n<div>\n<h3>Experience and Calling as a Psychologist<\/h3>\n<p>My life underwent a transformation when I joined the Cenacolo community, where I supported my husband on his path to recovery from addiction. Through the experience of working with the wounded, despised, rejected, and unwanted, I rediscovered my calling. By enhancing my psychology degree with a five-year program from the community, I realized that my calling is love.<\/p>\n<h3>Support of a Psychologist - the Key to\nTransformation<\/h3>\n<p>Gledaju\u0107i izazove s kojima se ljudi svih profila suo\u010davaju, spoznala sam da su to po\u010detni problemi s kojima se svi susre\u0107u. Klju\u010dna razlika je u podr\u0161ci. Kroz svoj rad kao psiholog, istra\u017eujem kako podr\u0161ka mo\u017ee promijeniti \u017eivotnu pri\u010du nabolje.<\/p>\n<\/div>\n<\/div>\n<\/div>\n<\/div><\/div><style type=\"text\/css\">.fusion-body .fusion-builder-column-2{width:60% !important;margin-top : 0px;margin-bottom : 20px;}.fusion-builder-column-2 > .fusion-column-wrapper {padding-top : 0px !important;padding-right : 0px !important;margin-right : 3.2%;padding-bottom : 0px !important;padding-left : 0px !important;margin-left : 3.2%;}@media only screen and (max-width:1024px) {.fusion-body .fusion-builder-column-2{width:60% !important;order : 0;}.fusion-builder-column-2 > .fusion-column-wrapper {margin-right : 3.2%;margin-left : 3.2%;}}@media only screen and (max-width:640px) {.fusion-body .fusion-builder-column-2{width:100% !important;order : 0;}.fusion-builder-column-2 > .fusion-column-wrapper {margin-right : 1.92%;margin-left : 1.92%;}}<\/style><\/div><div class=\"fusion-layout-column fusion_builder_column fusion-builder-column-3 fusion_builder_column_2_5 2_5 fusion-flex-column\"><div class=\"fusion-column-wrapper fusion-flex-justify-content-flex-start fusion-content-layout-column\" style=\"background-position:left top;background-repeat:no-repeat;-webkit-background-size:cover;-moz-background-size:cover;-o-background-size:cover;background-size:cover;padding: 0px 0px 0px 0px;\"><div class=\"fusion-text fusion-text-3\"><div>\n<div>\n<div>\n<h3>Family Triumph and Psychological Growth<\/h3>\n<p>My husband and I have successfully overcome\nmarital issues, addiction, and found our\npurpose and meaning in life. Through the\nprocess of family renewal, as you will learn in\nthe video below, I share my experience as a\npsychologist and my transformative life story.<\/p>\n<\/div>\n<\/div>\n<\/div>\n<\/div><div class=\"fusion-video fusion-youtube\" style=\"max-width:600px;max-height:360px;align-self:center; width:100%\"><div class=\"video-shortcode\"><iframe title=\"YouTube video player 1\" src=\"https:\/\/www.youtube.com\/embed\/KkdbY1-8nv4?wmode=transparent&autoplay=0\" width=\"600\" height=\"360\" allowfullscreen allow=\"autoplay; fullscreen\"><\/iframe><\/div><\/div><\/div><style type=\"text\/css\">.fusion-body .fusion-builder-column-3{width:40% !important;margin-top : 0px;margin-bottom : 20px;}.fusion-builder-column-3 > .fusion-column-wrapper {padding-top : 0px !important;padding-right : 0px !important;margin-right : 4.8%;padding-bottom : 0px !important;padding-left : 0px !important;margin-left : 4.8%;}@media only screen and (max-width:1024px) {.fusion-body .fusion-builder-column-3{width:40% !important;order : 0;}.fusion-builder-column-3 > .fusion-column-wrapper {margin-right : 4.8%;margin-left : 4.8%;}}@media only screen and (max-width:640px) {.fusion-body .fusion-builder-column-3{width:100% !important;order : 0;}.fusion-builder-column-3 > .fusion-column-wrapper {margin-right : 1.92%;margin-left : 1.92%;}}<\/style><\/div><\/div><style type=\"text\/css\">.fusion-body .fusion-flex-container.fusion-builder-row-1{ padding-top : 0px;margin-top : 0px;padding-right : 0px;padding-bottom : 0px;margin-bottom : 0px;padding-left : 0px;}<\/style><\/div><div class=\"fusion-fullwidth fullwidth-box fusion-builder-row-2 fusion-flex-container nonhundred-percent-fullwidth non-hundred-percent-height-scrolling\" style=\"background-color: rgba(255,255,255,0);background-position: center center;background-repeat: no-repeat;border-width: 0px 0px 0px 0px;border-color:#e2e2e2;border-style:solid;\" ><div class=\"fusion-builder-row fusion-row fusion-flex-align-items-flex-start\" style=\"max-width:1248px;margin-left: calc(-4% \/ 2 );margin-right: calc(-4% \/ 2 );\"><div class=\"fusion-layout-column fusion_builder_column fusion-builder-column-4 fusion_builder_column_1_1 1_1 fusion-flex-column\"><div class=\"fusion-column-wrapper fusion-flex-justify-content-flex-start fusion-content-layout-column\" style=\"background-position:left top;background-repeat:no-repeat;-webkit-background-size:cover;-moz-background-size:cover;-o-background-size:cover;background-size:cover;padding: 0px 0px 0px 0px;\"><div class=\"fusion-section-separator section-separator hills-opacity fusion-section-separator-1\"><div class=\"fusion-section-separator-svg\" style=\"font-size:0;line-height:0;\"><svg class=\"fusion-hills-opacity-candy\" fill=\"#acc2da\" xmlns=\"http:\/\/www.w3.org\/2000\/svg\" version=\"1.1\" width=\"100%\" viewbox=\"0 -0.5 1024 182\" preserveaspectratio=\"none\"><path class=\"st0\" d=\"M0 182.086h1024V41.593c-28.058-21.504-60.109-37.581-97.075-37.581-112.845 0-198.144 93.798-289.792 93.798S437.658 6.777 351.846 6.777s-142.234 82.125-238.49 82.125c-63.078 0-75.776-31.744-113.357-53.658L0 182.086z\"\/>\n\t\t\t\t\t\t\t\t\t<path class=\"st1\" d=\"M1024 181.062v-75.878c-39.731 15.872-80.794 27.341-117.658 25.805-110.387-4.506-191.795-109.773-325.53-116.224-109.158-5.12-344.166 120.115-429.466 166.298H1024v-.001z\"\/>\n\t\t\t\t\t\t\t\t\t<path class=\"st2\" d=\"M0 182.086h1024V90.028C966.451 59.103 907.059 16.3 824.115 15.071 690.278 13.023 665.19 102.93 482.099 102.93S202.138-1.62 74.24.019C46.49.326 21.811 4.217 0 9.849v172.237z\"\/>\n\t\t\t\t\t\t\t\t\t<path class=\"st3\" d=\"M0 182.086h1024V80.505c-37.171 19.558-80.691 35.328-139.571 36.25-151.142 2.355-141.619-28.57-298.496-29.184s-138.854 47.002-305.459 43.725C132.813 128.428 91.238 44.563 0 28.179v153.907z\"\/>\n\t\t\t\t\t\t\t\t\t<path class=\"st4\" d=\"M0 182.086h1024v-77.312c-49.05 20.07-120.525 42.394-193.229 42.086-128.922-.512-159.846-72.294-255.795-72.294-89.088 0-134.656 80.179-245.043 82.022S169.063 99.346 49.971 97.401C32.768 97.094 16.077 99.244 0 103.135v78.951z\"\/>\n\t\t\t\t\t\t\t\t<\/svg><\/div><div class=\"fusion-section-separator-spacer\"><div class=\"fusion-section-separator-spacer-height\" style=\"padding-top:17.7734375%;\"><\/div><\/div><style type=\"text\/css\">.fusion-section-separator-1 .fusion-section-separator-svg {margin-left:1.92%;margin-right:1.92%;}@media only screen and (max-width:1024px) {.fusion-section-separator-1 .fusion-section-separator-svg {margin-left:1.92%;margin-right:1.92%;}}@media only screen and (max-width:640px) {.fusion-section-separator-1 .fusion-section-separator-svg {margin-left:1.92%;margin-right:1.92%;}}.fusion-section-separator.fusion-section-separator-1 .fusion-section-separator-svg svg,.fusion-section-separator.fusion-section-separator-1 .fusion-section-separator-svg-bg{height:100px;}.fusion-section-separator.fusion-section-separator-1 .fusion-section-separator-spacer-height{height:100px !important;padding-top:inherit !important;}<\/style><\/div><\/div><style type=\"text\/css\">.fusion-body .fusion-builder-column-4{width:100% !important;margin-top : 0px;margin-bottom : 0px;}.fusion-builder-column-4 > .fusion-column-wrapper {padding-top : 0px !important;padding-right : 0px !important;margin-right : 1.92%;padding-bottom : 0px !important;padding-left : 0px !important;margin-left : 1.92%;}@media only screen and (max-width:1024px) {.fusion-body .fusion-builder-column-4{width:100% !important;order : 0;}.fusion-builder-column-4 > .fusion-column-wrapper {margin-right : 1.92%;margin-left : 1.92%;}}@media only screen and (max-width:640px) {.fusion-body .fusion-builder-column-4{width:100% !important;order : 0;}.fusion-builder-column-4 > .fusion-column-wrapper {margin-right : 1.92%;margin-left : 1.92%;}}<\/style><\/div><\/div><style type=\"text\/css\">.fusion-body .fusion-flex-container.fusion-builder-row-2{ padding-top : 0px;margin-top : 0px;padding-right : 0px;padding-bottom : 0px;margin-bottom : 0px;padding-left : 0px;}<\/style><\/div>\n<div class=\"fusion-fullwidth fullwidth-box fusion-builder-row-3 fusion-flex-container nonhundred-percent-fullwidth non-hundred-percent-height-scrolling\" style=\"background-color: rgba(255,255,255,0);background-image:linear-gradient(180deg, #acc2da 0%,#20375b 100%);background-position: center center;background-repeat: no-repeat;border-width: 0px 0px 0px 0px;border-color:#e2e2e2;border-style:solid;\" ><div class=\"fusion-builder-row fusion-row fusion-flex-align-items-center fusion-flex-justify-content-center\" style=\"max-width:1248px;margin-left: calc(-4% \/ 2 );margin-right: calc(-4% \/ 2 );\"><div class=\"fusion-layout-column fusion_builder_column fusion-builder-column-5 fusion_builder_column_1_6 1_6 fusion-flex-column fusion-flex-align-self-center\"><div class=\"fusion-column-wrapper fusion-flex-justify-content-center fusion-content-layout-column\" style=\"background-position:left top;background-repeat:no-repeat;-webkit-background-size:cover;-moz-background-size:cover;-o-background-size:cover;background-size:cover;padding: 0px 0px 0px 0px;\"><\/div><style type=\"text\/css\">.fusion-body .fusion-builder-column-5{width:16.666666666667% !important;margin-top : 0px;margin-bottom : 20px;}.fusion-builder-column-5 > .fusion-column-wrapper {padding-top : 0px !important;padding-right : 0px !important;margin-right : 11.52%;padding-bottom : 0px !important;padding-left : 0px !important;margin-left : 11.52%;}@media only screen and (max-width:1024px) {.fusion-body .fusion-builder-column-5{width:16.666666666667% !important;order : 0;}.fusion-builder-column-5 > .fusion-column-wrapper {margin-right : 11.52%;margin-left : 11.52%;}}@media only screen and (max-width:640px) {.fusion-body .fusion-builder-column-5{width:100% !important;order : 0;}.fusion-builder-column-5 > .fusion-column-wrapper {margin-right : 1.92%;margin-left : 1.92%;}}<\/style><\/div><div class=\"fusion-layout-column fusion_builder_column fusion-builder-column-6 fusion_builder_column_1_3 1_3 fusion-flex-column fusion-flex-align-self-center\"><div class=\"fusion-column-wrapper fusion-flex-justify-content-center fusion-content-layout-column\" style=\"background-position:left top;background-repeat:no-repeat;-webkit-background-size:cover;-moz-background-size:cover;-o-background-size:cover;background-size:cover;padding: 0px 0px 0px 0px;\"><div class=\"fusion-separator fusion-full-width-sep\" style=\"align-self: center;margin-left: auto;margin-right: auto;margin-top:20px;width:100%;\"><\/div><div class=\"fusion-image-carousel fusion-image-carousel-auto fusion-image-carousel-1 lightbox-enabled\"><div class=\"fusion-carousel\" data-autoplay=\"no\" data-columns=\"1\" data-itemmargin=\"13\" data-itemwidth=\"180\" data-touchscroll=\"no\" data-imagesize=\"auto\"><div class=\"fusion-carousel-positioner\"><ul class=\"fusion-carousel-holder\"><li class=\"fusion-carousel-item\"><div class=\"fusion-carousel-item-wrapper\"><div class=\"fusion-image-wrapper hover-type-zoomin\"><a data-rel=\"iLightbox[image_carousel_1]\" data-title=\"Majka Tereza, citati\" aria-label=\"Mother Teresa, quotes\" href=\"https:\/\/psiholog-marijanagrgic.com\/wp-content\/uploads\/2023\/12\/Majka-Tereza-01.jpg\" target=\"_self\"><img decoding=\"async\" width=\"1200\" height=\"630\" src=\"https:\/\/psiholog-marijanagrgic.com\/wp-content\/uploads\/2023\/12\/Majka-Tereza-01.jpg\" class=\"attachment-full size-full\" alt=\"Majka Tereza, citati\" srcset=\"https:\/\/psiholog-marijanagrgic.com\/wp-content\/uploads\/2023\/12\/Majka-Tereza-01-200x105.jpg 200w, https:\/\/psiholog-marijanagrgic.com\/wp-content\/uploads\/2023\/12\/Majka-Tereza-01-300x158.jpg 300w, https:\/\/psiholog-marijanagrgic.com\/wp-content\/uploads\/2023\/12\/Majka-Tereza-01-400x210.jpg 400w, https:\/\/psiholog-marijanagrgic.com\/wp-content\/uploads\/2023\/12\/Majka-Tereza-01-600x315.jpg 600w, https:\/\/psiholog-marijanagrgic.com\/wp-content\/uploads\/2023\/12\/Majka-Tereza-01-768x403.jpg 768w, https:\/\/psiholog-marijanagrgic.com\/wp-content\/uploads\/2023\/12\/Majka-Tereza-01-800x420.jpg 800w, https:\/\/psiholog-marijanagrgic.com\/wp-content\/uploads\/2023\/12\/Majka-Tereza-01-1024x538.jpg 1024w, https:\/\/psiholog-marijanagrgic.com\/wp-content\/uploads\/2023\/12\/Majka-Tereza-01.jpg 1200w\" sizes=\"(max-width: 1200px) 100vw, 1200px\" \/><\/a><\/div><\/div><\/li><li class=\"fusion-carousel-item\"><div class=\"fusion-carousel-item-wrapper\"><div class=\"fusion-image-wrapper hover-type-zoomin\"><a data-rel=\"iLightbox[image_carousel_1]\" data-title=\"Majka Tereza, citati\" aria-label=\"Mother Teresa, quotes\" href=\"https:\/\/psiholog-marijanagrgic.com\/wp-content\/uploads\/2023\/12\/Majka-Tereza-02.jpg\" target=\"_self\"><img decoding=\"async\" width=\"1200\" height=\"630\" src=\"https:\/\/psiholog-marijanagrgic.com\/wp-content\/uploads\/2023\/12\/Majka-Tereza-02.jpg\" class=\"attachment-full size-full\" alt=\"Majka Tereza, citati\" srcset=\"https:\/\/psiholog-marijanagrgic.com\/wp-content\/uploads\/2023\/12\/Majka-Tereza-02-200x105.jpg 200w, https:\/\/psiholog-marijanagrgic.com\/wp-content\/uploads\/2023\/12\/Majka-Tereza-02-300x158.jpg 300w, https:\/\/psiholog-marijanagrgic.com\/wp-content\/uploads\/2023\/12\/Majka-Tereza-02-400x210.jpg 400w, https:\/\/psiholog-marijanagrgic.com\/wp-content\/uploads\/2023\/12\/Majka-Tereza-02-600x315.jpg 600w, https:\/\/psiholog-marijanagrgic.com\/wp-content\/uploads\/2023\/12\/Majka-Tereza-02-768x403.jpg 768w, https:\/\/psiholog-marijanagrgic.com\/wp-content\/uploads\/2023\/12\/Majka-Tereza-02-800x420.jpg 800w, https:\/\/psiholog-marijanagrgic.com\/wp-content\/uploads\/2023\/12\/Majka-Tereza-02-1024x538.jpg 1024w, https:\/\/psiholog-marijanagrgic.com\/wp-content\/uploads\/2023\/12\/Majka-Tereza-02.jpg 1200w\" sizes=\"(max-width: 1200px) 100vw, 1200px\" \/><\/a><\/div><\/div><\/li><li class=\"fusion-carousel-item\"><div class=\"fusion-carousel-item-wrapper\"><div class=\"fusion-image-wrapper hover-type-zoomin\"><a data-rel=\"iLightbox[image_carousel_1]\" data-title=\"Majka Tereza, citati\" aria-label=\"Mother Teresa, quotes\" href=\"https:\/\/psiholog-marijanagrgic.com\/wp-content\/uploads\/2023\/12\/Majka-Tereza-03.jpg\" target=\"_self\"><img decoding=\"async\" width=\"1200\" height=\"630\" src=\"https:\/\/psiholog-marijanagrgic.com\/wp-content\/uploads\/2023\/12\/Majka-Tereza-03.jpg\" class=\"attachment-full size-full\" alt=\"Majka Tereza, citati\" srcset=\"https:\/\/psiholog-marijanagrgic.com\/wp-content\/uploads\/2023\/12\/Majka-Tereza-03-200x105.jpg 200w, https:\/\/psiholog-marijanagrgic.com\/wp-content\/uploads\/2023\/12\/Majka-Tereza-03-300x158.jpg 300w, https:\/\/psiholog-marijanagrgic.com\/wp-content\/uploads\/2023\/12\/Majka-Tereza-03-400x210.jpg 400w, https:\/\/psiholog-marijanagrgic.com\/wp-content\/uploads\/2023\/12\/Majka-Tereza-03-600x315.jpg 600w, https:\/\/psiholog-marijanagrgic.com\/wp-content\/uploads\/2023\/12\/Majka-Tereza-03-768x403.jpg 768w, https:\/\/psiholog-marijanagrgic.com\/wp-content\/uploads\/2023\/12\/Majka-Tereza-03-800x420.jpg 800w, https:\/\/psiholog-marijanagrgic.com\/wp-content\/uploads\/2023\/12\/Majka-Tereza-03-1024x538.jpg 1024w, https:\/\/psiholog-marijanagrgic.com\/wp-content\/uploads\/2023\/12\/Majka-Tereza-03.jpg 1200w\" sizes=\"(max-width: 1200px) 100vw, 1200px\" \/><\/a><\/div><\/div><\/li><\/ul><div class=\"fusion-carousel-nav\"><span class=\"fusion-nav-prev\"><\/span><span class=\"fusion-nav-next\"><\/span><\/div><\/div><\/div><\/div><\/div><style type=\"text\/css\">.fusion-body .fusion-builder-column-6{width:33.333333333333% !important;margin-top : 0px;margin-bottom : 20px;}.fusion-builder-column-6 > .fusion-column-wrapper {padding-top : 0px !important;padding-right : 0px !important;margin-right : 5.76%;padding-bottom : 0px !important;padding-left : 0px !important;margin-left : 5.76%;}@media only screen and (max-width:1024px) {.fusion-body .fusion-builder-column-6{width:33.333333333333% !important;order : 0;}.fusion-builder-column-6 > .fusion-column-wrapper {margin-right : 5.76%;margin-left : 5.76%;}}@media only screen and (max-width:640px) {.fusion-body .fusion-builder-column-6{width:100% !important;order : 0;}.fusion-builder-column-6 > .fusion-column-wrapper {margin-right : 1.92%;margin-left : 1.92%;}}<\/style><\/div><div class=\"fusion-layout-column fusion_builder_column fusion-builder-column-7 fusion_builder_column_1_3 1_3 fusion-flex-column fusion-flex-align-self-center\"><div class=\"fusion-column-wrapper fusion-flex-justify-content-center fusion-content-layout-column\" style=\"background-position:left top;background-repeat:no-repeat;-webkit-background-size:cover;-moz-background-size:cover;-o-background-size:cover;background-size:cover;padding: 0px 0px 0px 0px;\"><div class=\"fusion-text fusion-text-4\" style=\"color:#ffffff;\"><p><em>Mother Teresa (1910\u20131997) was a Catholic missionary, founder of the Missionaries of Charity, and recipient of the Nobel Peace Prize in 1979. She dedicated her life to caring for the poor and sick around the world. Her selfless work left a profound mark of humanitarian devotion and she was recognized globally as an icon of love and self-sacrifice.<\/em><\/p>\n<\/div><\/div><style type=\"text\/css\">.fusion-body .fusion-builder-column-7{width:33.333333333333% !important;margin-top : 0px;margin-bottom : 20px;}.fusion-builder-column-7 > .fusion-column-wrapper {padding-top : 0px !important;padding-right : 0px !important;margin-right : 5.76%;padding-bottom : 0px !important;padding-left : 0px !important;margin-left : 5.76%;}@media only screen and (max-width:1024px) {.fusion-body .fusion-builder-column-7{width:33.333333333333% !important;order : 0;}.fusion-builder-column-7 > .fusion-column-wrapper {margin-right : 5.76%;margin-left : 5.76%;}}@media only screen and (max-width:640px) {.fusion-body .fusion-builder-column-7{width:100% !important;order : 0;}.fusion-builder-column-7 > .fusion-column-wrapper {margin-right : 1.92%;margin-left : 1.92%;}}<\/style><\/div><div class=\"fusion-layout-column fusion_builder_column fusion-builder-column-8 fusion_builder_column_1_6 1_6 fusion-flex-column fusion-flex-align-self-center\"><div class=\"fusion-column-wrapper fusion-flex-justify-content-center fusion-content-layout-column\" style=\"background-position:left top;background-repeat:no-repeat;-webkit-background-size:cover;-moz-background-size:cover;-o-background-size:cover;background-size:cover;padding: 0px 0px 0px 0px;\"><\/div><style type=\"text\/css\">.fusion-body .fusion-builder-column-8{width:16.666666666667% !important;margin-top : 0px;margin-bottom : 20px;}.fusion-builder-column-8 > .fusion-column-wrapper {padding-top : 0px !important;padding-right : 0px !important;margin-right : 11.52%;padding-bottom : 0px !important;padding-left : 0px !important;margin-left : 11.52%;}@media only screen and (max-width:1024px) {.fusion-body .fusion-builder-column-8{width:16.666666666667% !important;order : 0;}.fusion-builder-column-8 > .fusion-column-wrapper {margin-right : 11.52%;margin-left : 11.52%;}}@media only screen and (max-width:640px) {.fusion-body .fusion-builder-column-8{width:100% !important;order : 0;}.fusion-builder-column-8 > .fusion-column-wrapper {margin-right : 1.92%;margin-left : 1.92%;}}<\/style><\/div><\/div><style type=\"text\/css\">.fusion-body .fusion-flex-container.fusion-builder-row-3{ padding-top : 0px;margin-top : 0px;padding-right : 0px;padding-bottom : 0px;margin-bottom : 0px;padding-left : 0px;}<\/style><\/div>\n<\/p>","protected":false},"excerpt":{"rendered":"","protected":false},"author":1,"featured_media":0,"parent":0,"menu_order":0,"comment_status":"closed","ping_status":"closed","template":"100-width.php","meta":{"pmpro_default_level":"","footnotes":""},"class_list":["post-70","page","type-page","status-publish","hentry","pmpro-has-access"],"_links":{"self":[{"href":"https:\/\/psiholog-marijanagrgic.com\/en\/wp-json\/wp\/v2\/pages\/70","targetHints":{"allow":["GET"]}}],"collection":[{"href":"https:\/\/psiholog-marijanagrgic.com\/en\/wp-json\/wp\/v2\/pages"}],"about":[{"href":"https:\/\/psiholog-marijanagrgic.com\/en\/wp-json\/wp\/v2\/types\/page"}],"author":[{"embeddable":true,"href":"https:\/\/psiholog-marijanagrgic.com\/en\/wp-json\/wp\/v2\/users\/1"}],"replies":[{"embeddable":true,"href":"https:\/\/psiholog-marijanagrgic.com\/en\/wp-json\/wp\/v2\/comments?post=70"}],"version-history":[{"count":24,"href":"https:\/\/psiholog-marijanagrgic.com\/en\/wp-json\/wp\/v2\/pages\/70\/revisions"}],"predecessor-version":[{"id":476,"href":"https:\/\/psiholog-marijanagrgic.com\/en\/wp-json\/wp\/v2\/pages\/70\/revisions\/476"}],"wp:attachment":[{"href":"https:\/\/psiholog-marijanagrgic.com\/en\/wp-json\/wp\/v2\/media?parent=70"}],"curies":[{"name":"wp","href":"https:\/\/api.w.org\/{rel}","templated":true}]}}