{"id":131,"date":"2023-12-15T19:52:27","date_gmt":"2023-12-15T19:52:27","guid":{"rendered":"https:\/\/psiholog-marijanagrgic.com\/?page_id=131"},"modified":"2023-12-16T02:32:48","modified_gmt":"2023-12-16T02:32:48","slug":"podrucja-pomoci","status":"publish","type":"page","link":"https:\/\/psiholog-marijanagrgic.com\/en\/podrucja-pomoci\/","title":{"rendered":"Areas of Support"},"content":{"rendered":"<p><div class=\"fusion-fullwidth fullwidth-box fusion-builder-row-1 fusion-flex-container nonhundred-percent-fullwidth non-hundred-percent-height-scrolling\" style=\"background-color: rgba(255,255,255,0);background-position: center center;background-repeat: no-repeat;border-width: 0px 0px 0px 0px;border-color:#e2e2e2;border-style:solid;\" ><div class=\"fusion-builder-row fusion-row fusion-flex-align-items-flex-start\" style=\"max-width:1248px;margin-left: calc(-4% \/ 2 );margin-right: calc(-4% \/ 2 );\"><div class=\"fusion-layout-column fusion_builder_column fusion-builder-column-0 fusion_builder_column_1_1 1_1 fusion-flex-column\"><div class=\"fusion-column-wrapper fusion-flex-justify-content-flex-start fusion-content-layout-column\" style=\"background-position:left top;background-repeat:no-repeat;-webkit-background-size:cover;-moz-background-size:cover;-o-background-size:cover;background-size:cover;padding: 0px 0px 0px 0px;\"><div class=\"fusion-text fusion-text-1\"><div class=\"fusion-text fusion-text-2\">\n<p>Podru\u010dja pomo\u0107i:<\/p>\n<ul>\n<li>Relationships and Communication<\/li>\n<li>Pre-marital and Marital Counseling<\/li>\n<li>Family Difficulties<\/li>\n<li>Parenting<\/li>\n<li>Pre- and Post-Baby Counseling<\/li>\n<li>Grief and Loss<\/li>\n<li>Anxiety<\/li>\n<li>Stress Management<\/li>\n<li>Depression<\/li>\n<li>Conflict Resolution<\/li>\n<li>Substance Abuse Problems<\/li>\n<li>Dysfunctional Behavior with Shopping, Gambling, and Eating<\/li>\n<li>Career and Personal Growth<\/li>\n<\/ul>\n<\/div>\n<\/div><\/div><style type=\"text\/css\">.fusion-body .fusion-builder-column-0{width:100% !important;margin-top : 0px;margin-bottom : 20px;}.fusion-builder-column-0 > .fusion-column-wrapper {padding-top : 0px !important;padding-right : 0px !important;margin-right : 1.92%;padding-bottom : 0px !important;padding-left : 0px !important;margin-left : 1.92%;}@media only screen and (max-width:1024px) {.fusion-body .fusion-builder-column-0{width:100% !important;order : 0;}.fusion-builder-column-0 > .fusion-column-wrapper {margin-right : 1.92%;margin-left : 1.92%;}}@media only screen and (max-width:640px) {.fusion-body .fusion-builder-column-0{width:100% !important;order : 0;}.fusion-builder-column-0 > .fusion-column-wrapper {margin-right : 1.92%;margin-left : 1.92%;}}<\/style><\/div><\/div><style type=\"text\/css\">.fusion-body .fusion-flex-container.fusion-builder-row-1{ padding-top : 0px;margin-top : 0px;padding-right : 0px;padding-bottom : 0px;margin-bottom : 0px;padding-left : 0px;}<\/style><\/div><div class=\"fusion-fullwidth fullwidth-box fusion-builder-row-2 fusion-flex-container nonhundred-percent-fullwidth non-hundred-percent-height-scrolling\" style=\"background-color: rgba(255,255,255,0);background-position: center center;background-repeat: no-repeat;border-width: 0px 0px 0px 0px;border-color:#e2e2e2;border-style:solid;\" ><div class=\"fusion-builder-row fusion-row fusion-flex-align-items-flex-start\" style=\"max-width:1248px;margin-left: calc(-4% \/ 2 );margin-right: calc(-4% \/ 2 );\"><div class=\"fusion-layout-column fusion_builder_column fusion-builder-column-1 fusion_builder_column_1_4 1_4 fusion-flex-column\"><div class=\"fusion-column-wrapper fusion-flex-justify-content-flex-start fusion-content-layout-column\" style=\"background-position:left top;background-repeat:no-repeat;-webkit-background-size:cover;-moz-background-size:cover;-o-background-size:cover;background-size:cover;background-color:#139cd8;padding: 10px 10px 10px 10px;\"><style type=\"text\/css\">@media only screen and (max-width:1024px) {.fusion-title.fusion-title-1{margin-top:0px!important; margin-right:0px!important;margin-bottom:30px!important;margin-left:0px!important;}}@media only screen and (max-width:640px) {.fusion-title.fusion-title-1{margin-top:10px!important; margin-right:0px!important;margin-bottom:24px!important; margin-left:0px!important;}}<\/style><div class=\"fusion-title title fusion-title-1 fusion-sep-none fusion-title-text fusion-title-size-three\" style=\"font-size:var(--awb-typography1-font-size);margin-top:0px;margin-right:0px;margin-bottom:30px;margin-left:0px;\"><h3 class=\"title-heading-left fusion-responsive-typography-calculated\" style=\"margin:0;font-size:1em;letter-spacing:var(--awb-typography1-letter-spacing);text-transform:var(--awb-typography1-text-transform);color:#ffffff;--fontSize:16;--minFontSize:var(--awb-typography1-font-size);line-height:1;\">Relationships and Communication<\/h3><\/div><div class=\"fusion-separator\" style=\"align-self: flex-start;margin-right:auto;margin-bottom:40px;width:100%;max-width:15%;\"><div class=\"fusion-separator-border sep-single sep-solid\" style=\"border-color:var(--awb-color1);border-top-width:2px;\"><\/div><\/div><div class=\"fusion-text fusion-text-2\" style=\"font-size:var(--awb-typography4-font-size);line-height:---4--in;letter-spacing:var(--awb-typography4-letter-spacing);text-transform:var(--awb-typography4-text-transform);color:#ffffff;margin-right:15%;\"><p>Pru\u017eanje podr\u0161ke za bolje razumijevanje i unaprje\u0111enje me\u0111uljudskih odnosa.<\/p>\n<\/div><div class=\"fusion-separator fusion-full-width-sep\" style=\"align-self: center;margin-left: auto;margin-right: auto;flex-grow:1;margin-bottom:7vw;width:100%;\"><div class=\"fusion-separator-border sep-double\" style=\"border-color:#e2e2e2;border-top-width:0px;border-bottom-width:0px;\"><\/div><\/div><div ><style>.fusion-button.button-1 .fusion-button-text{color:var(--awb-color7);text-transform:var(--awb-typography3-text-transform);}.fusion-button.button-1 i{color:var(--awb-color7);}.fusion-button.button-1{border-color:var(--awb-color7);border-width:0px 0px 0px 0px;border-radius:0px 0px 0px 0px;background:var(--awb-color1);font-size:var(--awb-typography3-font-size);line-height:var(--awb-typography3-line-height);padding-top:20px;padding-right:30px;padding-bottom:20px;padding-left:30px;letter-spacing:var(--awb-typography3-letter-spacing);}.fusion-button.button-1:hover .fusion-button-text,.fusion-button.button-1:hover i,.fusion-button.button-1:focus .fusion-button-text,.fusion-button.button-1:focus i,.fusion-button.button-1:active .fusion-button-text,.fusion-button.button-1:active i{color:var(--awb-color1);}.fusion-button.button-1:hover,.fusion-button.button-1:active,.fusion-button.button-1:focus{border-color:var(--awb-color1);border-width:0px 0px 0px 0px;background:var(--awb-color7);}<\/style><a class=\"fusion-button button-flat fusion-button-default-size button-custom button-1 fusion-button-default-span\" target=\"_self\" href=\"#\" style=\"margin-right:30px;\"><span class=\"fusion-button-text\">Detaljnije<\/span><\/a><\/div><\/div><style type=\"text\/css\">.fusion-body .fusion-builder-column-1{width:25% !important;margin-top : 0px;margin-bottom : 0px;}.fusion-builder-column-1 > .fusion-column-wrapper {padding-top : 10px !important;padding-right : 10px !important;margin-right : 0px;padding-bottom : 10px !important;padding-left : 10px !important;margin-left : 0px;}@media only screen and (max-width:1024px) {.fusion-body .fusion-builder-column-1{width:25% !important;order : 0;}.fusion-builder-column-1 > .fusion-column-wrapper {margin-right : 0px;margin-left : 0px;}}@media only screen and (max-width:640px) {.fusion-body .fusion-builder-column-1{width:100% !important;order : 0;}.fusion-builder-column-1 > .fusion-column-wrapper {margin-right : 1.92%;margin-left : 1.92%;}}<\/style><\/div><div class=\"fusion-layout-column fusion_builder_column fusion-builder-column-2 fusion_builder_column_1_4 1_4 fusion-flex-column\"><div class=\"fusion-column-wrapper fusion-flex-justify-content-flex-start fusion-content-layout-column\" style=\"background-position:left top;background-repeat:no-repeat;-webkit-background-size:cover;-moz-background-size:cover;-o-background-size:cover;background-size:cover;background-color:#ff9800;padding: 10px 10px 10px 10px;\"><style type=\"text\/css\">@media only screen and (max-width:1024px) {.fusion-title.fusion-title-2{margin-top:0px!important; margin-right:0px!important;margin-bottom:30px!important;margin-left:0px!important;}}@media only screen and (max-width:640px) {.fusion-title.fusion-title-2{margin-top:10px!important; margin-right:0px!important;margin-bottom:24px!important; margin-left:0px!important;}}<\/style><div class=\"fusion-title title fusion-title-2 fusion-sep-none fusion-title-text fusion-title-size-three\" style=\"font-size:24px;margin-top:0px;margin-right:0px;margin-bottom:30px;margin-left:0px;\"><h3 class=\"title-heading-left fusion-responsive-typography-calculated\" style=\"margin:0;font-size:1em;letter-spacing:var(--awb-typography1-letter-spacing);text-transform:var(--awb-typography1-text-transform);color:#ffffff;--fontSize:24;line-height:0.67;\">Relationships and Communication<\/h3><\/div><div class=\"fusion-separator\" style=\"align-self: flex-start;margin-right:auto;margin-bottom:40px;width:100%;max-width:15%;\"><div class=\"fusion-separator-border sep-single sep-solid\" style=\"border-color:var(--awb-color1);border-top-width:2px;\"><\/div><\/div><div class=\"fusion-text fusion-text-3\" style=\"font-size:var(--awb-typography4-font-size);line-height:---4--in;letter-spacing:var(--awb-typography4-letter-spacing);text-transform:var(--awb-typography4-text-transform);color:#ffffff;margin-right:15%;\"><p>Pru\u017eanje podr\u0161ke za bolje razumijevanje i unaprje\u0111enje me\u0111uljudskih odnosa.<\/p>\n<p>Pru\u017eanje podr\u0161ke za bolje razumijevanje i unaprje\u0111enje me\u0111uljudskih odnosa.<\/p>\n<\/div><div class=\"fusion-separator fusion-full-width-sep\" style=\"align-self: center;margin-left: auto;margin-right: auto;flex-grow:1;margin-bottom:1vw;width:100%;\"><div class=\"fusion-separator-border sep-double\" style=\"border-color:#e2e2e2;border-top-width:0px;border-bottom-width:0px;\"><\/div><\/div><div ><style>.fusion-button.button-2 .fusion-button-text{color:var(--awb-color7);text-transform:var(--awb-typography3-text-transform);}.fusion-button.button-2 i{color:var(--awb-color7);}.fusion-button.button-2{border-color:var(--awb-color7);border-width:0px 0px 0px 0px;border-radius:0px 0px 0px 0px;background:var(--awb-color1);font-size:var(--awb-typography3-font-size);line-height:var(--awb-typography3-line-height);padding-top:20px;padding-right:30px;padding-bottom:20px;padding-left:30px;letter-spacing:var(--awb-typography3-letter-spacing);}.fusion-button.button-2:hover .fusion-button-text,.fusion-button.button-2:hover i,.fusion-button.button-2:focus .fusion-button-text,.fusion-button.button-2:focus i,.fusion-button.button-2:active .fusion-button-text,.fusion-button.button-2:active i{color:var(--awb-color1);}.fusion-button.button-2:hover,.fusion-button.button-2:active,.fusion-button.button-2:focus{border-color:var(--awb-color1);border-width:0px 0px 0px 0px;background:var(--awb-color7);}<\/style><a class=\"fusion-button button-flat fusion-button-default-size button-custom button-2 fusion-button-default-span\" target=\"_self\" href=\"#\" style=\"margin-right:30px;\"><span class=\"fusion-button-text\">Detaljnije<\/span><\/a><\/div><\/div><style type=\"text\/css\">.fusion-body .fusion-builder-column-2{width:25% !important;margin-top : 0px;margin-bottom : 0px;}.fusion-builder-column-2 > .fusion-column-wrapper {padding-top : 10px !important;padding-right : 10px !important;margin-right : 0px;padding-bottom : 10px !important;padding-left : 10px !important;margin-left : 0px;}@media only screen and (max-width:1024px) {.fusion-body .fusion-builder-column-2{width:25% !important;order : 0;}.fusion-builder-column-2 > .fusion-column-wrapper {margin-right : 0px;margin-left : 0px;}}@media only screen and (max-width:640px) {.fusion-body .fusion-builder-column-2{width:100% !important;order : 0;}.fusion-builder-column-2 > .fusion-column-wrapper {margin-right : 1.92%;margin-left : 1.92%;}}<\/style><\/div><\/div><style type=\"text\/css\">.fusion-body .fusion-flex-container.fusion-builder-row-2{ padding-top : 0px;margin-top : 0px;padding-right : 0px;padding-bottom : 0px;margin-bottom : 0px;padding-left : 0px;}<\/style><\/div><\/p>","protected":false},"excerpt":{"rendered":"","protected":false},"author":1,"featured_media":0,"parent":0,"menu_order":0,"comment_status":"closed","ping_status":"closed","template":"","meta":{"pmpro_default_level":"","footnotes":""},"class_list":["post-131","page","type-page","status-publish","hentry","pmpro-has-access"],"_links":{"self":[{"href":"https:\/\/psiholog-marijanagrgic.com\/en\/wp-json\/wp\/v2\/pages\/131","targetHints":{"allow":["GET"]}}],"collection":[{"href":"https:\/\/psiholog-marijanagrgic.com\/en\/wp-json\/wp\/v2\/pages"}],"about":[{"href":"https:\/\/psiholog-marijanagrgic.com\/en\/wp-json\/wp\/v2\/types\/page"}],"author":[{"embeddable":true,"href":"https:\/\/psiholog-marijanagrgic.com\/en\/wp-json\/wp\/v2\/users\/1"}],"replies":[{"embeddable":true,"href":"https:\/\/psiholog-marijanagrgic.com\/en\/wp-json\/wp\/v2\/comments?post=131"}],"version-history":[{"count":32,"href":"https:\/\/psiholog-marijanagrgic.com\/en\/wp-json\/wp\/v2\/pages\/131\/revisions"}],"predecessor-version":[{"id":298,"href":"https:\/\/psiholog-marijanagrgic.com\/en\/wp-json\/wp\/v2\/pages\/131\/revisions\/298"}],"wp:attachment":[{"href":"https:\/\/psiholog-marijanagrgic.com\/en\/wp-json\/wp\/v2\/media?parent=131"}],"curies":[{"name":"wp","href":"https:\/\/api.w.org\/{rel}","templated":true}]}}